{"id":151,"date":"2023-06-08T13:11:10","date_gmt":"2023-06-08T11:11:10","guid":{"rendered":"https:\/\/cubanasoo.com\/?page_id=151"},"modified":"2023-06-25T06:21:55","modified_gmt":"2023-06-25T04:21:55","slug":"conditions-dutilisation","status":"publish","type":"page","link":"https:\/\/cubanasoo.com\/en\/conditions-dutilisation\/","title":{"rendered":"Conditions d&#8217;utilisation"},"content":{"rendered":"<h1 class=\"wp-block-heading\">Conditions g\u00e9n\u00e9rales d&#8217;utilisation<\/h1>\n\n\n\n<p>Ce site est g\u00e9r\u00e9 par Cubanaso.&nbsp;Tout au long du site, les termes &#8220;nous&#8221;, &#8220;notre&#8221; et &#8220;notre&#8221; se r\u00e9f\u00e8rent \u00e0&nbsp;Cubanaso. Cubanaso&nbsp;offre ce site, y compris toutes les informations, les outils et les services disponibles sur ce site pour vous, l&#8217;utilisateur, sous r\u00e9serve de votre acceptation de tous les termes, conditions, politiques et avis \u00e9nonc\u00e9s ici.<\/p>\n\n\n\n<p><br>En visitant notre site et \/ ou en achetant quelque chose chez nous, vous vous engagez dans notre &#8220;Service&#8221; et acceptez d&#8217;\u00eatre li\u00e9 par les termes et conditions suivants (&#8220;Conditions d&#8217;utilisation&#8221;, &#8220;Conditions&#8221;), y compris ces termes et conditions suppl\u00e9mentaires et politiques&nbsp;r\u00e9f\u00e9renc\u00e9 ici et \/ ou disponible par hyperlien.&nbsp;Ces Conditions d&#8217;utilisation s&#8217;appliquent \u00e0 tous les utilisateurs du site, y compris, sans s&#8217;y limiter, les utilisateurs qui sont des navigateurs, des fournisseurs, des clients, des commer\u00e7ants et \/ ou des contributeurs de contenu.<br><br>Veuillez lire attentivement ces conditions d&#8217;utilisation avant d&#8217;acc\u00e9der ou d&#8217;utiliser notre site Web.&nbsp;En acc\u00e9dant ou en utilisant n&#8217;importe quelle partie du site, vous acceptez d&#8217;\u00eatre li\u00e9 par ces Conditions d&#8217;utilisation.&nbsp;Si vous n&#8217;acceptez pas tous les termes et conditions de cet accord, vous ne pouvez pas acc\u00e9der au site ou utiliser des services.&nbsp;Si ces Conditions d&#8217;utilisation sont consid\u00e9r\u00e9es comme une offre, l&#8217;acceptation est express\u00e9ment limit\u00e9e aux pr\u00e9sentes Conditions d&#8217;utilisation.<br><br>Toutes les nouvelles fonctionnalit\u00e9s ou tous les outils ajout\u00e9s au magasin actuel sont \u00e9galement soumis aux conditions d&#8217;utilisation.&nbsp;Vous pouvez consulter la version la plus r\u00e9cente des Conditions d&#8217;utilisation \u00e0 tout moment sur cette page.&nbsp;Nous nous r\u00e9servons le droit de mettre \u00e0 jour, modifier ou remplacer toute partie de ces Conditions d&#8217;utilisation en publiant des mises \u00e0 jour et \/ ou des modifications sur notre site Web.&nbsp;Il est de votre responsabilit\u00e9 de v\u00e9rifier cette page p\u00e9riodiquement pour les changements.&nbsp;Votre utilisation continue ou votre acc\u00e8s au site Web apr\u00e8s l&#8217;affichage de tout changement constitue l&#8217;acceptation de ces changements.<br><br>Notre magasin est h\u00e9berg\u00e9 sur Hostinger. Ils nous fournissent la plateforme de commerce \u00e9lectronique en ligne qui nous permet de vous vendre nos produits et services.<br><br>SECTION 1 &#8211; CONDITIONS DE MAGASIN EN LIGNE<\/p>\n\n\n\n<p>En acceptant ces Conditions d&#8217;utilisation, vous d\u00e9clarez que vous avez au moins l&#8217;\u00e2ge de la majorit\u00e9 dans votre \u00e9tat ou province de r\u00e9sidence, ou que vous avez l&#8217;\u00e2ge de la majorit\u00e9 dans votre \u00e9tat ou province de r\u00e9sidence et que vous nous avez donn\u00e9 votre consentement pour&nbsp;permettre \u00e0 l&#8217;une de vos personnes \u00e0 charge mineures d&#8217;utiliser ce site.<br>Vous ne pouvez pas utiliser nos produits \u00e0 des fins ill\u00e9gales ou non autoris\u00e9es et vous ne pouvez pas, dans l&#8217;utilisation du Service, enfreindre les lois de votre juridiction (y compris, mais sans s&#8217;y limiter, les lois sur les droits d&#8217;auteur).<br>Vous ne devez pas transmettre de vers ou de virus ou de code de nature destructrice.<br>Une violation ou une violation de l&#8217;une des Conditions entra\u00eenera la r\u00e9siliation imm\u00e9diate de vos Services.<\/p>\n\n\n\n<p>SECTION 2 &#8211; CONDITIONS G\u00c9N\u00c9RALES<\/p>\n\n\n\n<p>Nous nous r\u00e9servons le droit de refuser le service \u00e0 quiconque pour n&#8217;importe quelle raison \u00e0 tout moment.<br>Vous comprenez que votre contenu (\u00e0 l&#8217;exclusion des informations de carte de cr\u00e9dit), peut \u00eatre transf\u00e9r\u00e9 en clair et impliquer (a) des transmissions sur diff\u00e9rents r\u00e9seaux;&nbsp;et (b) des modifications pour se conformer et s&#8217;adapter aux exigences techniques de la connexion de r\u00e9seaux ou de dispositifs.&nbsp;Les informations de carte de cr\u00e9dit sont toujours crypt\u00e9es lors du transfert sur les r\u00e9seaux.<br>Vous acceptez de ne pas reproduire, dupliquer, copier, vendre, revendre ou exploiter toute partie du Service, l&#8217;utilisation du Service ou l&#8217;acc\u00e8s au Service ou \u00e0 tout contact sur le site Web par lequel le service est fourni, sans autorisation \u00e9crite expresse de notre part&nbsp;.<br>Les titres utilis\u00e9s dans cet accord sont inclus uniquement pour des raisons de commodit\u00e9 et ne limiteront ni n&#8217;affecteront ces conditions.<\/p>\n\n\n\n<p>SECTION 3 &#8211; EXACTITUDE, EXHAUSTIVIT\u00c9 ET OPPORTUNIT\u00c9 DE L&#8217;INFORMATION<\/p>\n\n\n\n<p>Nous ne sommes pas responsables si les informations mises \u00e0 disposition sur ce site ne sont pas exactes, compl\u00e8tes ou \u00e0 jour.&nbsp;Le contenu de ce site est fourni \u00e0 titre d&#8217;information g\u00e9n\u00e9rale uniquement et ne devrait pas \u00eatre utilis\u00e9 comme seul fondement pour prendre des d\u00e9cisions sans consulter des sources d&#8217;information primaires, plus pr\u00e9cises, plus compl\u00e8tes ou plus opportunes.&nbsp;Toute confiance dans le contenu de ce site est \u00e0 vos risques et p\u00e9rils.<br>Ce site peut contenir certaines informations historiques.&nbsp;L&#8217;information historique, n\u00e9cessairement, n&#8217;est pas \u00e0 jour et n&#8217;est fournie qu&#8217;\u00e0 titre de r\u00e9f\u00e9rence.&nbsp;Nous nous r\u00e9servons le droit de modifier le contenu de ce site \u00e0 tout moment, mais nous n&#8217;avons aucune obligation de mettre \u00e0 jour les informations sur notre site.&nbsp;Vous acceptez qu&#8217;il est de votre responsabilit\u00e9 de surveiller les changements sur notre site.<\/p>\n\n\n\n<p>SECTION 4 &#8211; MODIFICATIONS AU SERVICE ET PRIX<\/p>\n\n\n\n<p>Les prix de nos produits sont sujets \u00e0 changement sans pr\u00e9avis.<br>Nous nous r\u00e9servons le droit \u00e0 tout moment de modifier ou d&#8217;interrompre le Service (ou toute partie ou contenu de celui-ci) sans pr\u00e9avis \u00e0 tout moment.<br>Nous ne serons pas responsables envers vous ou envers un tiers pour toute modification, changement de prix, suspension ou interruption du Service.<\/p>\n\n\n\n<p>SECTION 5 &#8211; PRODUITS OU SERVICES (le cas \u00e9ch\u00e9ant)<\/p>\n\n\n\n<p>Certains produits ou services peuvent \u00eatre disponibles exclusivement en ligne via le site Web.&nbsp;Ces produits ou services peuvent avoir des quantit\u00e9s limit\u00e9es et ne peuvent \u00eatre retourn\u00e9s ou \u00e9chang\u00e9s que conform\u00e9ment \u00e0 notre politique de retour.<br>Nous avons fait tous les efforts pour afficher le plus fid\u00e8lement possible les couleurs et les images de nos produits qui apparaissent dans le magasin.&nbsp;Nous ne pouvons pas garantir que l&#8217;affichage de n&#8217;importe quelle couleur sur votre \u00e9cran d&#8217;ordinateur sera exact.<br>Nous nous r\u00e9servons le droit, mais ne sommes pas oblig\u00e9s, de limiter les ventes de nos produits ou services \u00e0 toute personne, r\u00e9gion g\u00e9ographique ou juridiction.&nbsp;Nous pouvons exercer ce droit au cas par cas.&nbsp;Nous nous r\u00e9servons le droit de limiter les quantit\u00e9s de tous les produits ou services que nous offrons.&nbsp;Toutes les descriptions des produits ou les prix des produits sont sujets \u00e0 changement \u00e0 tout moment sans pr\u00e9avis, \u00e0 la seule discr\u00e9tion de nous.&nbsp;Nous nous r\u00e9servons le droit d&#8217;interrompre tout produit \u00e0 tout moment.&nbsp;Toute offre pour tout produit ou service fait sur ce site est nulle l\u00e0 o\u00f9 interdit.<br>Nous ne garantissons pas que la qualit\u00e9 de tout produit, service, information ou autre mat\u00e9riel achet\u00e9 ou obtenu par vous r\u00e9pondra \u00e0 vos attentes, ou que toute erreur dans le Service sera corrig\u00e9e.<\/p>\n\n\n\n<p>SECTION 6 &#8211; EXACTITUDE DES INFORMATIONS DE FACTURATION ET DE COMPTE<\/p>\n\n\n\n<p>Nous nous r\u00e9servons le droit de refuser toute commande que vous passez avec nous.&nbsp;Nous pouvons, \u00e0 notre seule discr\u00e9tion, limiter ou annuler les quantit\u00e9s achet\u00e9es par personne, par foyer ou par commande.&nbsp;Ces restrictions peuvent inclure des commandes pass\u00e9es par ou sous le m\u00eame compte client, la m\u00eame carte de cr\u00e9dit et \/ ou des commandes qui utilisent la m\u00eame adresse de facturation et \/ ou d&#8217;exp\u00e9dition.&nbsp;Dans l&#8217;\u00e9ventualit\u00e9 o\u00f9 nous modifions ou annulons une commande, nous pouvons tenter de vous en informer en contactant l&#8217;adresse e-mail et \/ ou l&#8217;adresse de facturation \/ num\u00e9ro de t\u00e9l\u00e9phone fournis au moment de la commande.&nbsp;Nous nous r\u00e9servons le droit de limiter ou d&#8217;interdire les commandes qui, \u00e0 notre seule discr\u00e9tion, semblent \u00eatre plac\u00e9es par des revendeurs, des revendeurs ou des distributeurs.<\/p>\n\n\n\n<p>Vous acceptez de fournir des informations d&#8217;achat et de compte actuelles, compl\u00e8tes et exactes pour tous les achats effectu\u00e9s dans notre magasin.&nbsp;Vous acceptez de mettre \u00e0 jour rapidement votre compte et d&#8217;autres informations, y compris votre adresse e-mail et vos num\u00e9ros de carte de cr\u00e9dit et les dates d&#8217;expiration, afin que nous puissions effectuer vos transactions et vous contacter si n\u00e9cessaire.<\/p>\n\n\n\n<p>Pour plus de d\u00e9tails, veuillez consulter notre politique de retour.<\/p>\n\n\n\n<p>SECTION 7 &#8211; OUTILS OPTIONNELS<br>Nous pouvons vous fournir un acc\u00e8s \u00e0 des outils tiers sur lesquels nous ne surveillons pas et n&#8217;avons aucun contr\u00f4le ou apport.<br>Vous reconnaissez et acceptez que nous fournissons l&#8217;acc\u00e8s \u00e0 ces outils \u00abtel quel\u00bb et \u00abtel que disponible\u00bb sans aucune garantie, repr\u00e9sentation ou condition de quelque nature que ce soit et sans aucune approbation.&nbsp;Nous d\u00e9clinons toute responsabilit\u00e9 d\u00e9coulant de ou li\u00e9e \u00e0 votre utilisation d&#8217;outils tiers optionnels.<br>Toute utilisation par vous des outils optionnels propos\u00e9s sur le site est enti\u00e8rement \u00e0 vos risques et p\u00e9rils et vous devez vous assurer que vous connaissez et approuvez les conditions sur lesquelles les outils sont fournis par le (s) fournisseur (s) tiers concern\u00e9 (s).<br>Nous pouvons \u00e9galement, \u00e0 l&#8217;avenir, offrir de nouveaux services et \/ ou fonctionnalit\u00e9s via le site Web (y compris la publication de nouveaux outils et ressources).&nbsp;Ces nouvelles fonctionnalit\u00e9s et \/ ou services seront \u00e9galement soumis aux pr\u00e9sentes Conditions d&#8217;utilisation.<\/p>\n\n\n\n<p>SECTION 8 &#8211; LIENS DE TIERS<\/p>\n\n\n\n<p>Certains contenus, produits et services disponibles via notre Service peuvent inclure du mat\u00e9riel provenant de tiers.<br>Les liens de tiers sur ce site peuvent vous diriger vers des sites Web tiers qui ne sont pas affili\u00e9s avec nous.&nbsp;Nous ne sommes pas responsables de l&#8217;examen ou de l&#8217;\u00e9valuation du contenu ou de l&#8217;exactitude et nous ne garantissons pas et n&#8217;assumons aucune responsabilit\u00e9 pour les mat\u00e9riaux ou sites Web de tiers, ou pour tout autre mat\u00e9riel, produit ou service de tiers.<br>Nous ne sommes pas responsables des dommages ou dommages li\u00e9s \u00e0 l&#8217;achat ou \u00e0 l&#8217;utilisation de biens, services, ressources, contenu ou toute autre transaction effectu\u00e9e en relation avec des sites Web de tiers.&nbsp;Veuillez examiner attentivement les politiques et les pratiques de tiers et assurez-vous de les comprendre avant de vous engager dans une transaction.&nbsp;Les r\u00e9clamations, r\u00e9clamations, pr\u00e9occupations ou questions concernant les produits de tiers doivent \u00eatre adress\u00e9es \u00e0 la tierce partie.<\/p>\n\n\n\n<p>SECTION 9 &#8211; COMMENTAIRES DES UTILISATEURS, COMMENTAIRES ET AUTRES SOUMISSIONS<\/p>\n\n\n\n<p>Si, \u00e0 notre demande, vous envoyez certaines soumissions sp\u00e9cifiques (par exemple des participations au concours) ou sans une demande de notre part, vous envoyez des id\u00e9es cr\u00e9atives, suggestions, propositions, plans ou autres documents, que ce soit en ligne, par courriel, par courrier ou autrement&nbsp;(collectivement, \u00abcommentaires\u00bb), vous acceptez que nous puissions, \u00e0 tout moment, sans restriction, \u00e9diter, copier, publier, distribuer, traduire et utiliser sur tout support les commentaires que vous nous transmettez.&nbsp;Nous sommes et n&#8217;aurons aucune obligation (1) de maintenir des commentaires confidentiels;&nbsp;(2) de payer une compensation pour les commentaires;&nbsp;ou (3) pour r\u00e9pondre \u00e0 des commentaires.<br>Nous pouvons, mais n&#8217;avons aucune obligation de surveiller, \u00e9diter ou supprimer le contenu que nous d\u00e9terminons \u00e0 notre seule discr\u00e9tion est ill\u00e9gal, offensant, mena\u00e7ant, diffamatoire, pornographique, obsc\u00e8ne ou autrement r\u00e9pr\u00e9hensible ou viole la propri\u00e9t\u00e9 intellectuelle d&#8217;une partie ou ces Conditions d&#8217;utilisation&nbsp;.<br>Vous acceptez que vos commentaires ne violent aucun droit d&#8217;un tiers, y compris les droits d&#8217;auteur, les marques de commerce, la confidentialit\u00e9, la personnalit\u00e9 ou tout autre droit personnel ou exclusif.&nbsp;Vous convenez en outre que vos commentaires ne contiendront pas de mat\u00e9riel diffamatoire ou ill\u00e9gal, abusif ou obsc\u00e8ne, ou contiendront des virus informatiques ou autres logiciels malveillants qui pourraient affecter le fonctionnement du Service ou de tout site Web connexe.&nbsp;Vous ne pouvez pas utiliser une fausse adresse e-mail, faire semblant d&#8217;\u00eatre quelqu&#8217;un d&#8217;autre que vous-m\u00eame, ou induire en erreur nous ou des tiers quant \u00e0 l&#8217;origine des commentaires.&nbsp;Vous \u00eates seul responsable des commentaires que vous faites et de leur exactitude.&nbsp;Nous ne prenons aucune responsabilit\u00e9 et n&#8217;assumons aucune responsabilit\u00e9 pour les commentaires publi\u00e9s par vous ou par un tiers.<\/p>\n\n\n\n<p><br>SECTION 10 &#8211; RENSEIGNEMENTS PERSONNELS<\/p>\n\n\n\n<p>Votre soumission de renseignements personnels dans le magasin est r\u00e9gie par notre politique de confidentialit\u00e9.&nbsp;Pour voir notre politique de confidentialit\u00e9.<\/p>\n\n\n\n<p>SECTION 11 &#8211; ERREURS, INEXACTITUDES ET OMISSIONS<\/p>\n\n\n\n<p>Occasionnellement, il peut y avoir des informations sur notre site ou dans le Service qui contiennent des erreurs typographiques, des inexactitudes ou des omissions li\u00e9es aux descriptions de produits, prix, promotions, offres, frais d&#8217;exp\u00e9dition, d\u00e9lais de livraison et disponibilit\u00e9.&nbsp;Nous nous r\u00e9servons le droit de corriger toute erreur, inexactitude ou omission, de modifier ou de mettre \u00e0 jour des informations ou d&#8217;annuler des commandes si des informations du Service ou de tout site Web connexe sont inexactes \u00e0 tout moment sans pr\u00e9avis (y compris apr\u00e8s avoir pass\u00e9 votre commande)&nbsp;.<br>Nous n&#8217;assumons aucune obligation de mettre \u00e0 jour, de modifier ou de clarifier les informations dans le Service ou sur tout site Web connexe, y compris, sans s&#8217;y limiter, les informations sur les prix, sauf si la loi l&#8217;exige.&nbsp;Aucune date de mise \u00e0 jour ou d&#8217;actualisation sp\u00e9cifi\u00e9e dans le Service ou sur un site Web connexe ne doit \u00eatre prise pour indiquer que toutes les informations du Service ou de tout site Web connexe ont \u00e9t\u00e9 modifi\u00e9es ou mises \u00e0 jour.<\/p>\n\n\n\n<p>SECTION 12 &#8211; UTILISATIONS INTERDITES<\/p>\n\n\n\n<p>En plus des autres interdictions \u00e9nonc\u00e9es dans les Conditions d&#8217;utilisation, il vous est interdit d&#8217;utiliser le site ou son contenu: (a) \u00e0 des fins ill\u00e9gales;&nbsp;(b) de solliciter d&#8217;autres personnes pour accomplir ou participer \u00e0 des actes illicites;&nbsp;(c) de violer les r\u00e8glements, r\u00e8gles, lois ou ordonnances locales internationales, f\u00e9d\u00e9rales, provinciales ou \u00e9tatiques;&nbsp;(d) enfreindre ou violer nos droits de propri\u00e9t\u00e9 intellectuelle ou les droits de propri\u00e9t\u00e9 intellectuelle d&#8217;autrui;&nbsp;e) harceler, abuser, insulter, blesser, diffamer, calomnier, d\u00e9nigrer, intimider ou discriminer selon le sexe, l&#8217;orientation sexuelle, la religion, l&#8217;appartenance ethnique, la race, l&#8217;\u00e2ge, l&#8217;origine nationale ou le handicap;&nbsp;f) soumettre des informations fausses ou trompeuses;&nbsp;(g) pour t\u00e9l\u00e9charger ou transmettre des virus ou tout autre type de code malveillant qui sera ou pourra \u00eatre utilis\u00e9 de quelque fa\u00e7on que ce soit qui affectera la fonctionnalit\u00e9 ou le fonctionnement du Service ou de tout site Web connexe, d&#8217;autres sites Web ou Internet;&nbsp;(h) recueillir ou suivre les informations personnelles d&#8217;autrui;&nbsp;(i) pour spam, phishing, pharm, pr\u00e9texte, spider, crawl, ou gratter;&nbsp;j) \u00e0 des fins obsc\u00e8nes ou immorales;&nbsp;ou (k) interf\u00e9rer avec ou contourner les fonctions de s\u00e9curit\u00e9 du Service ou de tout site Web associ\u00e9, d&#8217;autres sites Web ou d&#8217;Internet.&nbsp;Nous nous r\u00e9servons le droit de mettre fin \u00e0 votre utilisation du Service ou de tout site Web connexe pour violation de l&#8217;une des utilisations interdites.<\/p>\n\n\n\n<p>SECTION 13 &#8211; EXON\u00c9RATION DE GARANTIES;&nbsp;LIMITATION DE RESPONSABILIT\u00c9<\/p>\n\n\n\n<p>Nous ne garantissons pas, ne garantissons pas que votre utilisation de notre service sera ininterrompue, opportune, s\u00e9curis\u00e9e ou sans erreur.<br>Nous ne garantissons pas que les r\u00e9sultats pouvant \u00eatre obtenus de l&#8217;utilisation du service seront exacts ou fiables.<br>Vous acceptez que de temps en temps nous pouvons supprimer le service pour des p\u00e9riodes ind\u00e9termin\u00e9es ou annuler le service \u00e0 tout moment, sans pr\u00e9avis.<br>Vous acceptez express\u00e9ment que votre utilisation ou votre incapacit\u00e9 \u00e0 utiliser le service est \u00e0 vos risques et p\u00e9rils.&nbsp;Le service et tous les produits et services qui vous sont fournis par le service sont (sauf tel qu&#8217;express\u00e9ment indiqu\u00e9 par nous) fournis \u00abtel quel\u00bb et \u00abtel que disponible\u00bb pour votre usage, sans aucune repr\u00e9sentation, garanties ou conditions de toute nature, express ou&nbsp;implicite, y compris toutes les garanties ou conditions implicites de qualit\u00e9 marchande, de qualit\u00e9 marchande, d&#8217;ad\u00e9quation \u00e0 un usage particulier, de durabilit\u00e9, de titre et de non-contrefa\u00e7on.<br>En aucun casParis Rhum Club, nos directeurs, cadres, employ\u00e9s, soci\u00e9t\u00e9s affili\u00e9es, agents, entrepreneurs, stagiaires, fournisseurs, fournisseurs de services ou conc\u00e9dants de licence ne seront tenus responsables de toute blessure, perte, r\u00e9clamation, ou de tout direct, indirect, incident, punitif, sp\u00e9cial&nbsp;, ou dommages indirects de toute nature, y compris, sans limitation, profits perdus, perte de revenus, perte d&#8217;\u00e9pargne, perte de donn\u00e9es, co\u00fbts de remplacement ou dommages similaires, qu&#8217;ils soient contractuels, d\u00e9lictuels (y compris la n\u00e9gligence), de responsabilit\u00e9 stricte ou autres&nbsp;de votre utilisation du service ou des produits achet\u00e9s en utilisant le service, ou pour toute autre r\u00e9clamation li\u00e9e \u00e0 votre utilisation du service ou de tout produit, y compris, mais sans s&#8217;y limiter, toute erreur ou omission dans le contenu,&nbsp;ou toute perte ou dommage de quelque nature que ce soit encouru \u00e0 la suite de l&#8217;utilisation du service ou de tout contenu (ou produit) affich\u00e9, transmis ou autrement rendu disponible via le service, m\u00eame s&#8217;il est inform\u00e9 de leur possibilit\u00e9.&nbsp;Parce que certains \u00e9tats ou juridictions n&#8217;autorisent pas l&#8217;exclusion ou la limitation de la responsabilit\u00e9 pour les dommages indirects ou accessoires, dans ces \u00e9tats ou juridictions, notre responsabilit\u00e9 sera limit\u00e9e dans toute la mesure permise par la loi.<\/p>\n\n\n\n<p>SECTION 14 &#8211; INDEMNISATION<\/p>\n\n\n\n<p>Vous acceptez d&#8217;indemniser, d\u00e9fendre et tenir inoffensifs&nbsp;Paris Rhum Club&nbsp;et nos parents, filiales, soci\u00e9t\u00e9s affili\u00e9es, partenaires, dirigeants, directeurs, agents, entrepreneurs, conc\u00e9dants, fournisseurs de services, sous-traitants, fournisseurs, stagiaires et employ\u00e9s, inoffensifs de toute r\u00e9clamation ou demande,&nbsp;y compris les honoraires d&#8217;avocats raisonnables, faite par un tiers en raison de ou en raison de votre violation des pr\u00e9sentes Conditions d&#8217;utilisation ou les documents qu&#8217;ils incorporent par r\u00e9f\u00e9rence, ou votre violation de toute loi ou les droits d&#8217;un tiers.<\/p>\n\n\n\n<p>SECTION 15 &#8211; DIVISIBILIT\u00c9<\/p>\n\n\n\n<p>Dans le cas o\u00f9 une disposition de ces Conditions d&#8217;utilisation est jug\u00e9e ill\u00e9gale, nulle ou inapplicable, cette disposition sera n\u00e9anmoins ex\u00e9cutoire dans toute la mesure permise par la loi applicable, et la partie inapplicable sera r\u00e9put\u00e9e \u00eatre s\u00e9par\u00e9e des pr\u00e9sentes Conditions de&nbsp;Service, une telle d\u00e9termination n&#8217;affectera pas la validit\u00e9 et l&#8217;applicabilit\u00e9 des autres dispositions restantes.<\/p>\n\n\n\n<p>SECTION 16 &#8211; R\u00c9SILIATION<\/p>\n\n\n\n<p>Les obligations et responsabilit\u00e9s des parties encourues avant la date de r\u00e9siliation survivront \u00e0 la r\u00e9siliation de cet accord \u00e0 toutes fins.<br>Ces Conditions d&#8217;utilisation sont en vigueur \u00e0 moins que et jusqu&#8217;\u00e0 ce que r\u00e9sili\u00e9 par vous ou nous.&nbsp;Vous pouvez r\u00e9silier ces Conditions d&#8217;utilisation \u00e0 tout moment en nous notifiant que vous ne souhaitez plus utiliser nos Services, ou lorsque vous cessez d&#8217;utiliser notre site.<br>Si, \u00e0 notre seule discr\u00e9tion, vous omettez ou si nous soup\u00e7onnons que vous avez \u00e9chou\u00e9, vous pouvez r\u00e9silier le pr\u00e9sent contrat \u00e0 tout moment sans pr\u00e9avis et vous demeurerez responsable de tous les montants dus.&nbsp;jusqu&#8217;\u00e0 et y compris la date de r\u00e9siliation;&nbsp;et \/ ou, en cons\u00e9quence, vous refuser l&#8217;acc\u00e8s \u00e0 nos Services (ou toute partie de ceux-ci).<\/p>\n\n\n\n<p>SECTION 17 &#8211; L&#8217;ENSEMBLE DE L&#8217;ACCORD<\/p>\n\n\n\n<p>L&#8217;\u00e9chec de notre part \u00e0 exercer ou \u00e0 appliquer tout droit ou disposition des pr\u00e9sentes Conditions d&#8217;utilisation ne constitue pas une renonciation \u00e0 ce droit ou \u00e0 cette disposition.<br>Les pr\u00e9sentes Conditions d&#8217;utilisation et les r\u00e8gles ou r\u00e8gles de fonctionnement publi\u00e9es par nous sur ce site ou concernant le Service constituent l&#8217;int\u00e9gralit\u00e9 de l&#8217;accord et de la compr\u00e9hension entre vous et nous et r\u00e9gissent votre utilisation du Service, rempla\u00e7ant tout accord, communication et proposition ant\u00e9rieurs ou contemporains&nbsp;, oral ou \u00e9crit, entre vous et nous (y compris, mais sans s&#8217;y limiter, toute version ant\u00e9rieure des Conditions d&#8217;utilisation).<br>Toute ambigu\u00eft\u00e9 dans l&#8217;interpr\u00e9tation de ces Conditions d&#8217;utilisation ne doit pas \u00eatre interpr\u00e9t\u00e9e contre la partie qui r\u00e9dige.<\/p>\n\n\n\n<p>SECTION 18 &#8211; DROIT APPLICABLE<\/p>\n\n\n\n<p>Ces Conditions d&#8217;utilisation et les accords s\u00e9par\u00e9s par lesquels nous vous fournissons des Services seront r\u00e9gis et interpr\u00e9t\u00e9s conform\u00e9ment aux lois du&nbsp;12 bis Rue de B\u00e9ziers FR 93150 Le Blanc Mesnil<\/p>\n\n\n\n<p>SECTION 19 &#8211; MODIFICATION DES CONDITIONS DE SERVICE<\/p>\n\n\n\n<p>Vous pouvez consulter la version la plus r\u00e9cente des Conditions d&#8217;utilisation \u00e0 tout moment sur cette page.<br>Nous nous r\u00e9servons le droit, \u00e0 notre seule discr\u00e9tion, de mettre \u00e0 jour, de modifier ou de remplacer toute partie des pr\u00e9sentes Conditions d&#8217;utilisation en publiant des mises \u00e0 jour et des modifications sur notre site Web.&nbsp;Il est de votre responsabilit\u00e9 de consulter p\u00e9riodiquement notre site Web pour conna\u00eetre les changements.&nbsp;Votre utilisation continue ou l&#8217;acc\u00e8s \u00e0 notre site Web ou au Service apr\u00e8s l&#8217;affichage de tout changement aux pr\u00e9sentes Conditions d&#8217;utilisation constitue une acceptation de ces changements.<\/p>\n\n\n\n<p>SECTION 20 &#8211; COORDONN\u00c9ES<\/p>\n\n\n\n<p>Des questions sur les conditions d&#8217;utilisation doivent nous \u00eatre envoy\u00e9es \u00e0&nbsp;<a href=\"mailto:cocaamicar@yahoo.fr\">cubanasocontact@gmail.com<\/a><\/p>","protected":false},"excerpt":{"rendered":"<p>Conditions g\u00e9n\u00e9rales d&#8217;utilisation Ce site est g\u00e9r\u00e9 par Cubanaso.&nbsp;Tout au long du site, les termes &#8220;nous&#8221;, &#8220;notre&#8221; et &#8220;notre&#8221; se r\u00e9f\u00e8rent \u00e0&nbsp;Cubanaso. Cubanaso&nbsp;offre ce site, y compris toutes les informations, les outils et les services disponibles sur ce site pour vous, l&#8217;utilisateur, sous r\u00e9serve de votre acceptation de tous les termes, conditions, politiques et avis&#8230;<\/p>","protected":false},"author":2,"featured_media":0,"parent":0,"menu_order":0,"comment_status":"closed","ping_status":"closed","template":"","meta":{"_kad_post_transparent":"","_kad_post_title":"","_kad_post_layout":"","_kad_post_sidebar_id":"","_kad_post_content_style":"","_kad_post_vertical_padding":"","_kad_post_feature":"","_kad_post_feature_position":"","_kad_post_header":false,"_kad_post_footer":false,"footnotes":""},"class_list":["post-151","page","type-page","status-publish","hentry"],"jetpack_sharing_enabled":true,"_links":{"self":[{"href":"https:\/\/cubanasoo.com\/en\/wp-json\/wp\/v2\/pages\/151","targetHints":{"allow":["GET"]}}],"collection":[{"href":"https:\/\/cubanasoo.com\/en\/wp-json\/wp\/v2\/pages"}],"about":[{"href":"https:\/\/cubanasoo.com\/en\/wp-json\/wp\/v2\/types\/page"}],"author":[{"embeddable":true,"href":"https:\/\/cubanasoo.com\/en\/wp-json\/wp\/v2\/users\/2"}],"replies":[{"embeddable":true,"href":"https:\/\/cubanasoo.com\/en\/wp-json\/wp\/v2\/comments?post=151"}],"version-history":[{"count":1,"href":"https:\/\/cubanasoo.com\/en\/wp-json\/wp\/v2\/pages\/151\/revisions"}],"predecessor-version":[{"id":152,"href":"https:\/\/cubanasoo.com\/en\/wp-json\/wp\/v2\/pages\/151\/revisions\/152"}],"wp:attachment":[{"href":"https:\/\/cubanasoo.com\/en\/wp-json\/wp\/v2\/media?parent=151"}],"curies":[{"name":"wp","href":"https:\/\/api.w.org\/{rel}","templated":true}]}}