{"id":76,"date":"2023-04-01T16:27:27","date_gmt":"2023-04-01T14:27:27","guid":{"rendered":"https:\/\/cubanasoo.com\/?post_type=product&#038;p=76"},"modified":"2025-09-23T23:32:54","modified_gmt":"2025-09-23T21:32:54","slug":"cocktail-cubanaso-3l-base-concentre-fruits-rouges-0-alcool","status":"publish","type":"product","link":"https:\/\/cubanasoo.com\/en\/product\/cocktail-cubanaso-3l-base-concentre-fruits-rouges-0-alcool\/","title":{"rendered":"Cocktail Cubanaso 3L base concentr\u00e9e Fruits Rouges 0% alcool"},"content":{"rendered":"<p>Cocktails\u00a0<strong>Cubanaso base concentr\u00e9 mojito fruits rouges 0 % alcool<\/strong><\/p>\n<p>Bag in box de 3L sois 4 bouteilles 0.750ml<\/p>\n<p>Vous avez<strong>\u00a072 \u00e0 100 cocktails<\/strong>\u00a0\u00e0 pr\u00e9parer Ideal pour les professionnels.<\/p>\n<p>1- Utiliser un verre de 30cl ou 40cl remplie des gla\u00e7on pil\u00e9e.<\/p>\n<p>2 &#8211; rajouter une dose de 3cl pour le verre de 30cl ou 4cl pour le verre de 40cl.<\/p>\n<p>3- Rajouter de l&#8217;eau p\u00e9tillante ensuite m\u00e9langer et d\u00e9cor\u00e9.<\/p>\n<p>4- D\u00e9guster.<\/p>\n<p>Volumen: 3L<\/p>\n<p>Degr\u00e9 : 0%<\/p>\n<p>Cocktails : 72 &#8211; 100<\/p>\n<p>Fruits : Fruits rouges, citron<\/p>","protected":false},"excerpt":{"rendered":"<p>SKU : BAG0003<\/p>","protected":false},"featured_media":62,"comment_status":"open","ping_status":"closed","template":"","meta":{"_kad_post_transparent":"default","_kad_post_title":"","_kad_post_layout":"default","_kad_post_sidebar_id":"","_kad_post_content_style":"default","_kad_post_vertical_padding":"default","_kad_post_feature":"","_kad_post_feature_position":"","_kad_post_header":false,"_kad_post_footer":false},"product_brand":[],"product_cat":[18],"product_tag":[],"class_list":{"0":"post-76","1":"product","2":"type-product","3":"status-publish","4":"has-post-thumbnail","6":"product_cat-3l-bag","8":"first","9":"onbackorder","10":"taxable","11":"shipping-taxable","12":"purchasable","13":"product-type-simple","14":"entry","15":"content-bg","16":"loop-entry"},"jetpack_sharing_enabled":true,"_links":{"self":[{"href":"https:\/\/cubanasoo.com\/en\/wp-json\/wp\/v2\/product\/76","targetHints":{"allow":["GET"]}}],"collection":[{"href":"https:\/\/cubanasoo.com\/en\/wp-json\/wp\/v2\/product"}],"about":[{"href":"https:\/\/cubanasoo.com\/en\/wp-json\/wp\/v2\/types\/product"}],"replies":[{"embeddable":true,"href":"https:\/\/cubanasoo.com\/en\/wp-json\/wp\/v2\/comments?post=76"}],"wp:featuredmedia":[{"embeddable":true,"href":"https:\/\/cubanasoo.com\/en\/wp-json\/wp\/v2\/media\/62"}],"wp:attachment":[{"href":"https:\/\/cubanasoo.com\/en\/wp-json\/wp\/v2\/media?parent=76"}],"wp:term":[{"taxonomy":"product_brand","embeddable":true,"href":"https:\/\/cubanasoo.com\/en\/wp-json\/wp\/v2\/product_brand?post=76"},{"taxonomy":"product_cat","embeddable":true,"href":"https:\/\/cubanasoo.com\/en\/wp-json\/wp\/v2\/product_cat?post=76"},{"taxonomy":"product_tag","embeddable":true,"href":"https:\/\/cubanasoo.com\/en\/wp-json\/wp\/v2\/product_tag?post=76"}],"curies":[{"name":"wp","href":"https:\/\/api.w.org\/{rel}","templated":true}]}}