{"id":154,"date":"2023-06-08T13:12:09","date_gmt":"2023-06-08T11:12:09","guid":{"rendered":"https:\/\/cubanasoo.com\/?page_id=154"},"modified":"2023-06-25T06:22:13","modified_gmt":"2023-06-25T04:22:13","slug":"livraison-et-retours","status":"publish","type":"page","link":"https:\/\/cubanasoo.com\/fr_fr\/livraison-et-retours\/","title":{"rendered":"Livraison et retours"},"content":{"rendered":"\n<h2 class=\"wp-block-heading\">Livraison et retours<\/h2>\n\n\n\n<p><strong>Les r\u00e8gles appliqu\u00e9es en temps normal.&nbsp;<\/strong><\/p>\n\n\n\n<p>Une fois votre commande effectu\u00e9e chez&nbsp;<strong>Cubanaso<\/strong>, vous recevrez un email de confirmation pour les cas suivants:<\/p>\n\n\n\n<p>* R\u00e9ception de la commande et paiement<br>* Pour tout autre email envoy\u00e9 au travers du formulaire de contact, nous vous garantissons une r\u00e9ponse dans un d\u00e9lai maximum de 24h (dans les horaires ouvr\u00e9s du Lundi au Vendredi de 9.30h \u00e0 17h30)<br>* Nous vous rappelons que nous ne pouvons traiter le jour m\u00eame que les commandes pass\u00e9es et pay\u00e9es avant 13h.<\/p>\n\n\n\n<p><strong>Les frais d&#8217;envoi sont offert \u00e0 partir de 300 euros d&#8217;achats mais seulement en France.<\/strong><\/p>\n\n\n\n<p>Retours<strong>&nbsp;:<\/strong><\/p>\n\n\n\n<p>Les cas de retour marchandise d\u00e9fectueuse accept\u00e9s sont:<\/p>\n\n\n\n<p>* Le produit a \u00e9t\u00e9 livr\u00e9 cass\u00e9 ou endommag\u00e9<br>* Le produit ne correspond pas \u00e0 la commande<br>* Le mat\u00e9riel a subi une d\u00e9t\u00e9rioration anormale<\/p>\n\n\n\n<p>Au cas o\u00f9 le produit se trouve en parfait \u00e9tat et que vous souhaitez nous le rendre, vous comptez avec un d\u00e9lai de 15 jours pour pouvoir le faire. Vous devez nous en informer \u00e0 notre e-mail de Service Client\u00e8le :&nbsp;cubanasocontact@gmail.com&nbsp;sp\u00e9cifiant votre nom, num\u00e9ro de commande et motif du retour.<\/p>\n\n\n\n<p>Vous devrez envoyer le produit dans le m\u00eame \u00e9tat que vous l\u2019avez re\u00e7u, ainsi que n\u2019importe quel autre mat\u00e9riel promotionnel ou cadeau qui aurait pu \u00eatre inclus, les produits doivent \u00eatre dans leur emballage d&#8217;origine et dans un \u00e9tat neuf.<\/p>\n\n\n\n<p>Vous pouvez r\u00e9aliser le renvoi \u00e0 l&#8217;adresse suivante:&nbsp;<strong>Cubanaso 12b rue de B\u00e9ziers 93150 Le Blanc Mesnil, France&nbsp;<\/strong>en port pay\u00e9 ou nous pouvons passer le chercher. Les frais de port originaux, ainsi que le co\u00fbt de la r\u00e9cup\u00e9ration du colis (si c\u2019est nous qui passons le chercher), seront d\u00e9duits du remboursement. Toute modification de l\u2019\u00e9tat original du produit ou toute manque de mat\u00e9riel promotionnel entra\u00eenera l\u2019annulation du remboursement.<\/p>\n\n\n\n<p>Voir CGV pour les modalit\u00e9s de remboursement.<\/p>\n","protected":false},"excerpt":{"rendered":"<p>Livraison et retours Les r\u00e8gles appliqu\u00e9es en temps normal.&nbsp; Une fois votre commande effectu\u00e9e chez&nbsp;Cubanaso, vous recevrez un email de confirmation pour les cas suivants: * R\u00e9ception de la commande et paiement* Pour tout autre email envoy\u00e9 au travers du formulaire de contact, nous vous garantissons une r\u00e9ponse dans un d\u00e9lai maximum de 24h (dans&#8230;<\/p>\n","protected":false},"author":2,"featured_media":0,"parent":0,"menu_order":0,"comment_status":"closed","ping_status":"closed","template":"","meta":{"_kad_post_transparent":"","_kad_post_title":"","_kad_post_layout":"","_kad_post_sidebar_id":"","_kad_post_content_style":"","_kad_post_vertical_padding":"","_kad_post_feature":"","_kad_post_feature_position":"","_kad_post_header":false,"_kad_post_footer":false,"footnotes":""},"class_list":["post-154","page","type-page","status-publish","hentry"],"jetpack_sharing_enabled":true,"_links":{"self":[{"href":"https:\/\/cubanasoo.com\/fr_fr\/wp-json\/wp\/v2\/pages\/154","targetHints":{"allow":["GET"]}}],"collection":[{"href":"https:\/\/cubanasoo.com\/fr_fr\/wp-json\/wp\/v2\/pages"}],"about":[{"href":"https:\/\/cubanasoo.com\/fr_fr\/wp-json\/wp\/v2\/types\/page"}],"author":[{"embeddable":true,"href":"https:\/\/cubanasoo.com\/fr_fr\/wp-json\/wp\/v2\/users\/2"}],"replies":[{"embeddable":true,"href":"https:\/\/cubanasoo.com\/fr_fr\/wp-json\/wp\/v2\/comments?post=154"}],"version-history":[{"count":1,"href":"https:\/\/cubanasoo.com\/fr_fr\/wp-json\/wp\/v2\/pages\/154\/revisions"}],"predecessor-version":[{"id":155,"href":"https:\/\/cubanasoo.com\/fr_fr\/wp-json\/wp\/v2\/pages\/154\/revisions\/155"}],"wp:attachment":[{"href":"https:\/\/cubanasoo.com\/fr_fr\/wp-json\/wp\/v2\/media?parent=154"}],"curies":[{"name":"wp","href":"https:\/\/api.w.org\/{rel}","templated":true}]}}