{"id":158,"date":"2023-06-08T13:15:09","date_gmt":"2023-06-08T11:15:09","guid":{"rendered":"https:\/\/cubanasoo.com\/?page_id=158"},"modified":"2023-06-25T06:22:23","modified_gmt":"2023-06-25T04:22:23","slug":"politique-de-remboursement","status":"publish","type":"page","link":"https:\/\/cubanasoo.com\/fr_fr\/politique-de-remboursement\/","title":{"rendered":"Politique de remboursement"},"content":{"rendered":"\n<h2 class=\"wp-block-heading\">Politique de remboursement<\/h2>\n\n\n\n<p>Notre politique dure 7 jours.&nbsp;Si 7 jours se sont \u00e9coul\u00e9s depuis votre achat, nous ne pouvons malheureusement pas vous offrir un remboursement ou un \u00e9change.<\/p>\n\n\n\n<p><br>Pour \u00eatre admissible \u00e0 un retour, votre article doit \u00eatre inutilis\u00e9 et dans le m\u00eame \u00e9tat que vous l&#8217;avez re\u00e7u.&nbsp;Il doit \u00e9galement \u00eatre dans l&#8217;emballage d&#8217;origine.<br><br>Pour compl\u00e9ter votre d\u00e9claration, nous avons besoin d&#8217;un re\u00e7u ou d&#8217;une preuve d&#8217;achat, facture, etc.<\/p>\n\n\n\n<p>Tout article qui est retourn\u00e9 plus de 14 jours apr\u00e8s la livraison ne sera pas accept\u00e9.<br><br>Remboursements (le cas \u00e9ch\u00e9ant)<br>Une fois votre retour re\u00e7u et inspect\u00e9, nous vous enverrons un e-mail pour vous informer que nous avons re\u00e7u votre article retourn\u00e9.<\/p>\n\n\n\n<p>Nous vous informerons par ailleurs de l&#8217;approbation ou du rejet de votre remboursement.<br>Si vous \u00eates approuv\u00e9, votre remboursement sera trait\u00e9 et un cr\u00e9dit sera automatiquement appliqu\u00e9 \u00e0 votre carte de cr\u00e9dit ou \u00e0 votre mode de paiement original, dans un certain d\u00e9lai.<br><br>Remboursements tardifs ou manquants (le cas \u00e9ch\u00e9ant)<br>Si vous n&#8217;avez pas encore re\u00e7u de remboursement, v\u00e9rifiez \u00e0 nouveau votre compte bancaire.<br>Ensuite, contactez votre compagnie de carte de cr\u00e9dit, cela peut prendre un certain temps avant que votre remboursement soit officiellement publi\u00e9.<br>Ensuite, contactez votre banque.&nbsp;Il y a souvent du temps de traitement avant qu&#8217;un remboursement ne soit post\u00e9.<br>Si vous avez fait tout cela et que vous n&#8217;avez toujours pas re\u00e7u votre remboursement, veuillez nous contacter \u00e0&nbsp;parisrhumclub@outlook.fr&nbsp;<\/p>\n\n\n\n<p><br>Articles de vente (le cas \u00e9ch\u00e9ant)<br>Seuls les articles \u00e0 prix courant peuvent \u00eatre rembours\u00e9s, malheureusement les articles en solde ne peuvent \u00eatre rembours\u00e9s.<br><br>\u00c9changes (le cas \u00e9ch\u00e9ant)<br>Nous ne rempla\u00e7ons les articles que s&#8217;ils sont d\u00e9fectueux ou endommag\u00e9s.&nbsp;Si vous avez besoin de l&#8217;\u00e9changer pour le m\u00eame article, envoyez-nous un e-mail \u00e0 <\/p>\n\n\n\n<p>Notre politique dure 7 jours.&nbsp;Si 7 jours se sont \u00e9coul\u00e9s depuis votre achat, nous ne pouvons malheureusement pas vous offrir un remboursement ou un \u00e9change.<\/p>\n\n\n\n<p><br>Pour \u00eatre admissible \u00e0 un retour, votre article doit \u00eatre inutilis\u00e9 et dans le m\u00eame \u00e9tat que vous l&#8217;avez re\u00e7u.&nbsp;Il doit \u00e9galement \u00eatre dans l&#8217;emballage d&#8217;origine.<br><br>Pour compl\u00e9ter votre d\u00e9claration, nous avons besoin d&#8217;un re\u00e7u ou d&#8217;une preuve d&#8217;achat, facture, etc.<\/p>\n\n\n\n<p>Tout article qui est retourn\u00e9 plus de 14 jours apr\u00e8s la livraison ne sera pas accept\u00e9.<br><br>Remboursements (le cas \u00e9ch\u00e9ant)<br>Une fois votre retour re\u00e7u et inspect\u00e9, nous vous enverrons un e-mail pour vous informer que nous avons re\u00e7u votre article retourn\u00e9.<\/p>\n\n\n\n<p>Nous vous informerons par ailleurs de l&#8217;approbation ou du rejet de votre remboursement.<br>Si vous \u00eates approuv\u00e9, votre remboursement sera trait\u00e9 et un cr\u00e9dit sera automatiquement appliqu\u00e9 \u00e0 votre carte de cr\u00e9dit ou \u00e0 votre mode de paiement original, dans un certain d\u00e9lai.<br><br>Remboursements tardifs ou manquants (le cas \u00e9ch\u00e9ant)<br>Si vous n&#8217;avez pas encore re\u00e7u de remboursement, v\u00e9rifiez \u00e0 nouveau votre compte bancaire.<br>Ensuite, contactez votre compagnie de carte de cr\u00e9dit, cela peut prendre un certain temps avant que votre remboursement soit officiellement publi\u00e9.<br>Ensuite, contactez votre banque.&nbsp;Il y a souvent du temps de traitement avant qu&#8217;un remboursement ne soit post\u00e9.<br>Si vous avez fait tout cela et que vous n&#8217;avez toujours pas re\u00e7u votre remboursement, veuillez nous contacter \u00e0&nbsp;parisrhumclub@outlook.fr&nbsp;<\/p>\n\n\n\n<p><br>Articles de vente (le cas \u00e9ch\u00e9ant)<br>Seuls les articles \u00e0 prix courant peuvent \u00eatre rembours\u00e9s, malheureusement les articles en solde ne peuvent \u00eatre rembours\u00e9s.<br><br>\u00c9changes (le cas \u00e9ch\u00e9ant)<br>Nous ne rempla\u00e7ons les articles que s&#8217;ils sont d\u00e9fectueux ou endommag\u00e9s.&nbsp;Si vous avez besoin de l&#8217;\u00e9changer pour le m\u00eame article, envoyez-nous un e-mail \u00e0 cubanasocontact@gmail.com et envoyez l&#8217;article au 12 bis rue de B\u00e9ziers 93150 Le Blanc M\u00e9snil.<\/p>\n\n\n\n<p> et envoyez l&#8217;article au 12 bis rue de B\u00e9ziers 93150 Le Blanc M\u00e9snil.<\/p>\n","protected":false},"excerpt":{"rendered":"<p>Politique de remboursement Notre politique dure 7 jours.&nbsp;Si 7 jours se sont \u00e9coul\u00e9s depuis votre achat, nous ne pouvons malheureusement pas vous offrir un remboursement ou un \u00e9change. Pour \u00eatre admissible \u00e0 un retour, votre article doit \u00eatre inutilis\u00e9 et dans le m\u00eame \u00e9tat que vous l&#8217;avez re\u00e7u.&nbsp;Il doit \u00e9galement \u00eatre dans l&#8217;emballage d&#8217;origine. Pour&#8230;<\/p>\n","protected":false},"author":2,"featured_media":0,"parent":0,"menu_order":0,"comment_status":"closed","ping_status":"closed","template":"","meta":{"_kad_post_transparent":"","_kad_post_title":"","_kad_post_layout":"","_kad_post_sidebar_id":"","_kad_post_content_style":"","_kad_post_vertical_padding":"","_kad_post_feature":"","_kad_post_feature_position":"","_kad_post_header":false,"_kad_post_footer":false,"footnotes":""},"class_list":["post-158","page","type-page","status-publish","hentry"],"jetpack_sharing_enabled":true,"_links":{"self":[{"href":"https:\/\/cubanasoo.com\/fr_fr\/wp-json\/wp\/v2\/pages\/158","targetHints":{"allow":["GET"]}}],"collection":[{"href":"https:\/\/cubanasoo.com\/fr_fr\/wp-json\/wp\/v2\/pages"}],"about":[{"href":"https:\/\/cubanasoo.com\/fr_fr\/wp-json\/wp\/v2\/types\/page"}],"author":[{"embeddable":true,"href":"https:\/\/cubanasoo.com\/fr_fr\/wp-json\/wp\/v2\/users\/2"}],"replies":[{"embeddable":true,"href":"https:\/\/cubanasoo.com\/fr_fr\/wp-json\/wp\/v2\/comments?post=158"}],"version-history":[{"count":1,"href":"https:\/\/cubanasoo.com\/fr_fr\/wp-json\/wp\/v2\/pages\/158\/revisions"}],"predecessor-version":[{"id":159,"href":"https:\/\/cubanasoo.com\/fr_fr\/wp-json\/wp\/v2\/pages\/158\/revisions\/159"}],"wp:attachment":[{"href":"https:\/\/cubanasoo.com\/fr_fr\/wp-json\/wp\/v2\/media?parent=158"}],"curies":[{"name":"wp","href":"https:\/\/api.w.org\/{rel}","templated":true}]}}