{"id":74,"date":"2023-04-01T16:23:05","date_gmt":"2023-04-01T14:23:05","guid":{"rendered":"https:\/\/cubanasoo.com\/?post_type=product&#038;p=74"},"modified":"2025-09-19T19:07:22","modified_gmt":"2025-09-19T17:07:22","slug":"cocktail-cubanaso-base-concentre-pina-colada-0-alcool","status":"publish","type":"product","link":"https:\/\/cubanasoo.com\/fr_fr\/product\/cocktail-cubanaso-base-concentre-pina-colada-0-alcool\/","title":{"rendered":"Cocktail Cubanaso base concentr\u00e9e pina colada 0% alcool"},"content":{"rendered":"<p><strong>Cocktail cubanaso pi\u00f1a colada:<\/strong><\/p>\n<div>\n<p><strong>Ingr\u00e9dients du produit<\/strong>: Sucre, ananas d\u00e9shydrat\u00e9, lait en poudre, gibier \u00e0 la noix de coco et noix de coco r\u00e2p\u00e9e.<\/p>\n<p><strong>Aspect<\/strong>\u00a0: Liquide dense.<\/p>\n<p><strong>Couleur<\/strong>\u00a0: blanche<\/p>\n<p><strong>Odeur et saveur<\/strong> : Ananas et noix de coco.<\/p>\n<p><strong style=\"font-family: var(--global-body-font-family);\">Mode de pr\u00e9paration:\u00a0<\/strong><\/p>\n<div>\n<p>1- Verser la glace pil\u00e9e dans un verre de 30 cl, 40cl ou 50cl,\u00a0 ensuite reverser le gla\u00e7on pil\u00e9 du verre dans un shaker.<\/p>\n<p>2- Ajouter 30ml, 40ml ou 50ml de base concentr\u00e9 de\u00a0 <strong>Pi\u00f1a colada<\/strong>, (dosage selon le mesure du verre), rajouter 300ml,400ml ou 500ml du lait coco, secouer pendant 10- 15 secondes.<\/p>\n<p>3- Servir et d\u00e9corer (Triangle d&#8217;ananas).<\/p>\n<p><strong>Pour info<\/strong>: Vous avez de 15 a 20 cocktails dans la bouteille de 750ml.<\/p>\n<div>\n<p><strong>Dur\u00e9e de conservation<\/strong>\u00a0: Une fois ouvert, il est recommand\u00e9 de conserver au frais et de consommer durant le mois en cours.<\/p>\n<p><strong>\u00c9ch\u00e9ance<\/strong>\u00a0: 18 mois.<\/p>\n<\/div>\n<\/div>\n<\/div>\n","protected":false},"excerpt":{"rendered":"<p>SKU : CPC0007<\/p>\n","protected":false},"featured_media":72,"comment_status":"open","ping_status":"closed","template":"","meta":{"_kad_post_transparent":"default","_kad_post_title":"","_kad_post_layout":"default","_kad_post_sidebar_id":"","_kad_post_content_style":"default","_kad_post_vertical_padding":"default","_kad_post_feature":"","_kad_post_feature_position":"","_kad_post_header":false,"_kad_post_footer":false},"product_brand":[],"product_cat":[19],"product_tag":[],"class_list":{"0":"post-74","1":"product","2":"type-product","3":"status-publish","4":"has-post-thumbnail","6":"product_cat-bouteille","8":"first","9":"instock","10":"taxable","11":"shipping-taxable","12":"purchasable","13":"product-type-simple","14":"entry","15":"content-bg","16":"loop-entry"},"jetpack_sharing_enabled":true,"_links":{"self":[{"href":"https:\/\/cubanasoo.com\/fr_fr\/wp-json\/wp\/v2\/product\/74","targetHints":{"allow":["GET"]}}],"collection":[{"href":"https:\/\/cubanasoo.com\/fr_fr\/wp-json\/wp\/v2\/product"}],"about":[{"href":"https:\/\/cubanasoo.com\/fr_fr\/wp-json\/wp\/v2\/types\/product"}],"replies":[{"embeddable":true,"href":"https:\/\/cubanasoo.com\/fr_fr\/wp-json\/wp\/v2\/comments?post=74"}],"wp:featuredmedia":[{"embeddable":true,"href":"https:\/\/cubanasoo.com\/fr_fr\/wp-json\/wp\/v2\/media\/72"}],"wp:attachment":[{"href":"https:\/\/cubanasoo.com\/fr_fr\/wp-json\/wp\/v2\/media?parent=74"}],"wp:term":[{"taxonomy":"product_brand","embeddable":true,"href":"https:\/\/cubanasoo.com\/fr_fr\/wp-json\/wp\/v2\/product_brand?post=74"},{"taxonomy":"product_cat","embeddable":true,"href":"https:\/\/cubanasoo.com\/fr_fr\/wp-json\/wp\/v2\/product_cat?post=74"},{"taxonomy":"product_tag","embeddable":true,"href":"https:\/\/cubanasoo.com\/fr_fr\/wp-json\/wp\/v2\/product_tag?post=74"}],"curies":[{"name":"wp","href":"https:\/\/api.w.org\/{rel}","templated":true}]}}